{"id":483,"date":"2013-04-12T13:47:53","date_gmt":"2013-04-12T11:47:53","guid":{"rendered":"http:\/\/lounasplaza.fi\/?page_id=483"},"modified":"2026-04-16T20:03:12","modified_gmt":"2026-04-16T18:03:12","slug":"lounas-3","status":"publish","type":"page","link":"http:\/\/lounasplaza.fi\/?page_id=483","title":{"rendered":"Viikon lounas"},"content":{"rendered":"<h3><\/h3>\n<h2 style=\"text-align: center;\">Hyv\u00e4 asiakkaamme, tarjoamme p\u00e4ivitt\u00e4in t\u00e4ytekakkua ja rahkaa. Tervetuloa!<\/h2>\n<h2 style=\"text-align: center;\"><strong style=\"color: #333333; font-size: 1.125rem;\">Lounaan hinta 12,90\u20ac!<\/strong><\/h2>\n<p style=\"text-align: center;\"><em><br \/>\nTarjoamme buffetissa p\u00e4ivitt\u00e4in tuoretta salaattia, kotitekoista ruokaa, pizzoja, ranskalaisia, sipulirenkaita, kebabia, riisi\u00e4 paistettuja kasviksia sek\u00e4 laajan valikoiman juomia.<\/em><\/p>\n<p style=\"text-align: center;\">Tervetuloa!<\/p>\n<h3 style=\"text-align: center;\">13.- 17.4.2026<\/h3>\n<p style=\"text-align: center;\">\n<p style=\"text-align: center;\"><strong>Maanantai<\/strong><\/p>\n<p style=\"text-align: center;\">Lihakastiketta (L,G)<\/p>\n<p style=\"text-align: center;\">Kanapataa (L,G)<\/p>\n<p style=\"text-align: center;\">Perunamuusia (L,G)<\/p>\n<p style=\"text-align: center;\">Mustikkarahkaa (G)<\/p>\n<p style=\"text-align: center;\"><strong><u>Tiistai<\/u><\/strong><\/p>\n<p style=\"text-align: center;\">Lihamureketta ruskeakastikkeella (L,G)<\/p>\n<p style=\"text-align: center;\">\u00a0Lohikeittoa (L,G)<\/p>\n<p style=\"text-align: center;\">Paistettua kanaa (L,G)<\/p>\n<p style=\"text-align: center;\">Perunamuusia (L,G)<\/p>\n<p style=\"text-align: center;\"><strong>Keskiviikko<\/strong><\/p>\n<p style=\"text-align: center;\">Karamellisoituja kasslerin pihvej\u00e4 \u00a0(L,G)<\/p>\n<p style=\"text-align: center;\">Kermaperunoita (L,G)<\/p>\n<p style=\"text-align: center;\">Kanaa it\u00e4maisittan (L,G)<\/p>\n<p style=\"text-align: center;\"><strong>Torstai<\/strong><\/p>\n<p style=\"text-align: center;\">Voikanaa (L,G)<\/p>\n<p style=\"text-align: center;\">Pyttipannua kananmunilla (L,G)<\/p>\n<p style=\"text-align: center;\">Pannukakkua &amp; hernekeittoa (L,G)<\/p>\n<p style=\"text-align: center;\"><strong>Perjantai<\/strong><\/p>\n<p style=\"text-align: center;\">Grillattua makkaraa, lihaa ja kanaa (L,G)<\/p>\n<p style=\"text-align: center;\">Porsaankyljykset (L,G)<\/p>\n<p style=\"text-align: center;\">Uuniperunoita (L,G)<\/p>\n<p style=\"text-align: center;\">Mansikkakakku<\/p>\n<p style=\"text-align: center;\">(L=laktoositon, <span style=\"font-size: revert;\">G=gluteeniton)<\/span><\/p>\n","protected":false},"excerpt":{"rendered":"<p>Hyv\u00e4 asiakkaamme, tarjoamme p\u00e4ivitt\u00e4in t\u00e4ytekakkua ja rahkaa. Tervetuloa! Lounaan hinta 12,90\u20ac! Tarjoamme buffetissa p\u00e4ivitt\u00e4in tuoretta salaattia, kotitekoista ruokaa, pizzoja, ranskalaisia, sipulirenkaita, kebabia, riisi\u00e4 paistettuja kasviksia sek\u00e4 laajan valikoiman juomia. Tervetuloa! 13.- 17.4.2026 Maanantai Lihakastiketta (L,G) Kanapataa (L,G) Perunamuusia (L,G) Mustikkarahkaa (G) Tiistai Lihamureketta ruskeakastikkeella (L,G) \u00a0Lohikeittoa (L,G) Paistettua kanaa (L,G) Perunamuusia (L,G) Keskiviikko Karamellisoituja kasslerin &hellip; <\/p>\n<p class=\"link-more\"><a href=\"http:\/\/lounasplaza.fi\/?page_id=483\" class=\"more-link\">Jatka lukemista<span class=\"screen-reader-text\"> &#8221;Viikon lounas&#8221;<\/span><\/a><\/p>\n","protected":false},"author":1,"featured_media":0,"parent":0,"menu_order":0,"comment_status":"open","ping_status":"closed","template":"","meta":[],"_links":{"self":[{"href":"http:\/\/lounasplaza.fi\/index.php?rest_route=\/wp\/v2\/pages\/483"}],"collection":[{"href":"http:\/\/lounasplaza.fi\/index.php?rest_route=\/wp\/v2\/pages"}],"about":[{"href":"http:\/\/lounasplaza.fi\/index.php?rest_route=\/wp\/v2\/types\/page"}],"author":[{"embeddable":true,"href":"http:\/\/lounasplaza.fi\/index.php?rest_route=\/wp\/v2\/users\/1"}],"replies":[{"embeddable":true,"href":"http:\/\/lounasplaza.fi\/index.php?rest_route=%2Fwp%2Fv2%2Fcomments&post=483"}],"version-history":[{"count":2021,"href":"http:\/\/lounasplaza.fi\/index.php?rest_route=\/wp\/v2\/pages\/483\/revisions"}],"predecessor-version":[{"id":3412,"href":"http:\/\/lounasplaza.fi\/index.php?rest_route=\/wp\/v2\/pages\/483\/revisions\/3412"}],"wp:attachment":[{"href":"http:\/\/lounasplaza.fi\/index.php?rest_route=%2Fwp%2Fv2%2Fmedia&parent=483"}],"curies":[{"name":"wp","href":"https:\/\/api.w.org\/{rel}","templated":true}]}}