{"id":47,"date":"2012-09-29T08:39:04","date_gmt":"2012-09-29T08:39:04","guid":{"rendered":"http:\/\/kakkutalo.com\/pitopalvelut\/?page_id=47"},"modified":"2025-12-14T12:32:51","modified_gmt":"2025-12-14T10:32:51","slug":"yhteystiedot","status":"publish","type":"page","link":"http:\/\/lounasplaza.fi\/?page_id=47","title":{"rendered":"Yhteystiedot"},"content":{"rendered":"<p>Tervetuloa LounasPlazaan! Ravintolamme sijaitsee uudessa osoitteessa 5.1.2026 alkaen Takatie 6, Kempele.<\/p>\n<p><span style=\"font-size: revert;\">Tarjoamme herkullista lounasta maanantaista perjantaihin. Meilt\u00e4 l\u00f6ytyy my\u00f6s pitopalveluita tilaisuuksiinne. Voit vuokrata tilat yksityistilaisuuksiisi.<\/span><\/p>\n<p>Ota yhteytt\u00e4 meihin joko alla olevalla kaavakkeella tai sivun lopusta \u00a0l\u00f6ytyvill\u00e4 yhteystiedoilla.<\/p>\n<hr \/>\n<p>Anna palautetta toiminnastamme joko alla olevalla <b>lomakkeella, s\u00e4hk\u00f6postilla tai puhelimitse.<\/b><\/p>\n<div class=\"wpcf7\" id=\"wpcf7-f435-p47-o1\"><form action=\"\/index.php?rest_route=%2Fwp%2Fv2%2Fpages%2F47#wpcf7-f435-p47-o1\" method=\"post\" class=\"wpcf7-form\">\n<div style=\"display: none;\">\n<input type=\"hidden\" name=\"_wpcf7\" value=\"435\" \/>\n<input type=\"hidden\" name=\"_wpcf7_version\" value=\"3.3.3\" \/>\n<input type=\"hidden\" name=\"_wpcf7_unit_tag\" value=\"wpcf7-f435-p47-o1\" \/>\n<input type=\"hidden\" name=\"_wpnonce\" value=\"e715075b38\" \/>\n<\/div>\n<p>Nimi (pakollinen)<br \/>\n    <span class=\"wpcf7-form-control-wrap your-name\"><input type=\"text\" name=\"your-name\" value=\"\" class=\"wpcf7-form-control wpcf7-text wpcf7-validates-as-required\" size=\"40\" \/><\/span> <\/p>\n<p>S\u00e4hk\u00f6posti (pakollinen)<br \/>\n    <span class=\"wpcf7-form-control-wrap your-email\"><input type=\"text\" name=\"your-email\" value=\"\" class=\"wpcf7-form-control wpcf7-text wpcf7-email wpcf7-validates-as-required wpcf7-validates-as-email\" size=\"40\" \/><\/span> <\/p>\n<p>Aihe<br \/>\n    <span class=\"wpcf7-form-control-wrap your-subject\"><input type=\"text\" name=\"your-subject\" value=\"\" class=\"wpcf7-form-control wpcf7-text\" size=\"40\" \/><\/span> <\/p>\n<p>Viesti<br \/>\n    <span class=\"wpcf7-form-control-wrap your-message\"><textarea name=\"your-message\" class=\"wpcf7-form-control  wpcf7-textarea\" cols=\"40\" rows=\"10\"><\/textarea><\/span> <\/p>\n<p><input type=\"submit\" value=\"L\u00e4het\u00e4\" class=\"wpcf7-form-control  wpcf7-submit\" \/><\/p>\n<div class=\"wpcf7-response-output wpcf7-display-none\"><\/div><\/form><\/div>\n","protected":false},"excerpt":{"rendered":"<p>Tervetuloa LounasPlazaan! Ravintolamme sijaitsee uudessa osoitteessa 5.1.2026 alkaen Takatie 6, Kempele. Tarjoamme herkullista lounasta maanantaista perjantaihin. Meilt\u00e4 l\u00f6ytyy my\u00f6s pitopalveluita tilaisuuksiinne. Voit vuokrata tilat yksityistilaisuuksiisi. Ota yhteytt\u00e4 meihin joko alla olevalla kaavakkeella tai sivun lopusta \u00a0l\u00f6ytyvill\u00e4 yhteystiedoilla. Anna palautetta toiminnastamme joko alla olevalla lomakkeella, s\u00e4hk\u00f6postilla tai puhelimitse.<\/p>\n","protected":false},"author":1,"featured_media":0,"parent":0,"menu_order":0,"comment_status":"open","ping_status":"open","template":"","meta":[],"_links":{"self":[{"href":"http:\/\/lounasplaza.fi\/index.php?rest_route=\/wp\/v2\/pages\/47"}],"collection":[{"href":"http:\/\/lounasplaza.fi\/index.php?rest_route=\/wp\/v2\/pages"}],"about":[{"href":"http:\/\/lounasplaza.fi\/index.php?rest_route=\/wp\/v2\/types\/page"}],"author":[{"embeddable":true,"href":"http:\/\/lounasplaza.fi\/index.php?rest_route=\/wp\/v2\/users\/1"}],"replies":[{"embeddable":true,"href":"http:\/\/lounasplaza.fi\/index.php?rest_route=%2Fwp%2Fv2%2Fcomments&post=47"}],"version-history":[{"count":15,"href":"http:\/\/lounasplaza.fi\/index.php?rest_route=\/wp\/v2\/pages\/47\/revisions"}],"predecessor-version":[{"id":3301,"href":"http:\/\/lounasplaza.fi\/index.php?rest_route=\/wp\/v2\/pages\/47\/revisions\/3301"}],"wp:attachment":[{"href":"http:\/\/lounasplaza.fi\/index.php?rest_route=%2Fwp%2Fv2%2Fmedia&parent=47"}],"curies":[{"name":"wp","href":"https:\/\/api.w.org\/{rel}","templated":true}]}}