{"id":230,"date":"2012-10-09T20:25:17","date_gmt":"2012-10-09T17:25:17","guid":{"rendered":"http:\/\/kakkutalo.com\/pitopalvelut\/?page_id=230"},"modified":"2026-03-04T12:48:24","modified_gmt":"2026-03-04T10:48:24","slug":"yksityistilaisuudet","status":"publish","type":"page","link":"http:\/\/lounasplaza.fi\/?page_id=230","title":{"rendered":"Yksityistilaisuudet"},"content":{"rendered":"<p>LounasPlazan tiloissa on mahdollista j\u00e4rjest\u00e4\u00e4 my\u00f6s yksityistilaisuuksia. Voit joko j\u00e4rjest\u00e4\u00e4 tilaisuuden itse tai j\u00e4tt\u00e4\u00e4 j\u00e4rjest\u00e4misen tarjoiluineen meid\u00e4n huoleksemme. Tilamme koko on 250 m^2.<\/p>\n<p>Iltatilaisuuksien j\u00e4rjest\u00e4miseen on useita vaihtoehtoja:<\/p>\n<p>&#8211; sek\u00e4 salin ett\u00e4 kabinetin vuokraus<\/p>\n<p>&#8211; LounasPlazan pitopalvelu<\/p>\n<p>&#8211; mahdollisuus tuoda omat tarjoilut ja juomat<\/p>\n<p><img decoding=\"async\" style=\"margin-right: 20px; margin-top: 10px; float: left;\" src=\"http:\/\/www.lounasplaza.fi\/images\/kastikkeet.jpg\" alt=\"\" \/><\/p>\n<p><img decoding=\"async\" style=\"margin-right: 20px; margin-top: 10px;\" src=\"http:\/\/www.lounasplaza.fi\/images\/snack.jpg\" alt=\"\" \/><br \/>\n<a href=\"http:\/\/lounasplaza.fi\/wp-content\/uploads\/2026\/03\/IMG_0131-scaled.jpeg\"><img decoding=\"async\" loading=\"lazy\" class=\"aligncenter size-full wp-image-3367\" src=\"http:\/\/lounasplaza.fi\/wp-content\/uploads\/2026\/03\/IMG_0131-scaled.jpeg\" alt=\"\" width=\"1920\" height=\"2560\" srcset=\"http:\/\/lounasplaza.fi\/wp-content\/uploads\/2026\/03\/IMG_0131-scaled.jpeg 1920w, http:\/\/lounasplaza.fi\/wp-content\/uploads\/2026\/03\/IMG_0131-225x300.jpeg 225w, http:\/\/lounasplaza.fi\/wp-content\/uploads\/2026\/03\/IMG_0131-768x1024.jpeg 768w, http:\/\/lounasplaza.fi\/wp-content\/uploads\/2026\/03\/IMG_0131-1152x1536.jpeg 1152w, http:\/\/lounasplaza.fi\/wp-content\/uploads\/2026\/03\/IMG_0131-1536x2048.jpeg 1536w\" sizes=\"(max-width: 767px) 89vw, (max-width: 1000px) 54vw, (max-width: 1071px) 543px, 580px\" \/><\/a><\/p>\n<p><a href=\"http:\/\/lounasplaza.fi\/wp-content\/uploads\/2026\/03\/IMG_0135-scaled.jpeg\"><img decoding=\"async\" loading=\"lazy\" class=\"aligncenter size-full wp-image-3370\" src=\"http:\/\/lounasplaza.fi\/wp-content\/uploads\/2026\/03\/IMG_0135-scaled.jpeg\" alt=\"\" width=\"1920\" height=\"2560\" srcset=\"http:\/\/lounasplaza.fi\/wp-content\/uploads\/2026\/03\/IMG_0135-scaled.jpeg 1920w, http:\/\/lounasplaza.fi\/wp-content\/uploads\/2026\/03\/IMG_0135-225x300.jpeg 225w, http:\/\/lounasplaza.fi\/wp-content\/uploads\/2026\/03\/IMG_0135-768x1024.jpeg 768w, http:\/\/lounasplaza.fi\/wp-content\/uploads\/2026\/03\/IMG_0135-1152x1536.jpeg 1152w, http:\/\/lounasplaza.fi\/wp-content\/uploads\/2026\/03\/IMG_0135-1536x2048.jpeg 1536w\" sizes=\"(max-width: 767px) 89vw, (max-width: 1000px) 54vw, (max-width: 1071px) 543px, 580px\" \/><\/a><\/p>\n","protected":false},"excerpt":{"rendered":"<p>LounasPlazan tiloissa on mahdollista j\u00e4rjest\u00e4\u00e4 my\u00f6s yksityistilaisuuksia. Voit joko j\u00e4rjest\u00e4\u00e4 tilaisuuden itse tai j\u00e4tt\u00e4\u00e4 j\u00e4rjest\u00e4misen tarjoiluineen meid\u00e4n huoleksemme. Tilamme koko on 250 m^2. Iltatilaisuuksien j\u00e4rjest\u00e4miseen on useita vaihtoehtoja: &#8211; sek\u00e4 salin ett\u00e4 kabinetin vuokraus &#8211; LounasPlazan pitopalvelu &#8211; mahdollisuus tuoda omat tarjoilut ja juomat<\/p>\n","protected":false},"author":1,"featured_media":0,"parent":0,"menu_order":0,"comment_status":"open","ping_status":"open","template":"template-fullwidth.php","meta":[],"_links":{"self":[{"href":"http:\/\/lounasplaza.fi\/index.php?rest_route=\/wp\/v2\/pages\/230"}],"collection":[{"href":"http:\/\/lounasplaza.fi\/index.php?rest_route=\/wp\/v2\/pages"}],"about":[{"href":"http:\/\/lounasplaza.fi\/index.php?rest_route=\/wp\/v2\/types\/page"}],"author":[{"embeddable":true,"href":"http:\/\/lounasplaza.fi\/index.php?rest_route=\/wp\/v2\/users\/1"}],"replies":[{"embeddable":true,"href":"http:\/\/lounasplaza.fi\/index.php?rest_route=%2Fwp%2Fv2%2Fcomments&post=230"}],"version-history":[{"count":8,"href":"http:\/\/lounasplaza.fi\/index.php?rest_route=\/wp\/v2\/pages\/230\/revisions"}],"predecessor-version":[{"id":3372,"href":"http:\/\/lounasplaza.fi\/index.php?rest_route=\/wp\/v2\/pages\/230\/revisions\/3372"}],"wp:attachment":[{"href":"http:\/\/lounasplaza.fi\/index.php?rest_route=%2Fwp%2Fv2%2Fmedia&parent=230"}],"curies":[{"name":"wp","href":"https:\/\/api.w.org\/{rel}","templated":true}]}}